{"id":12,"date":"2016-09-12T09:33:34","date_gmt":"2016-09-12T07:33:34","guid":{"rendered":"http:\/\/ona-nowo.de\/fr\/?page_id=12"},"modified":"2023-01-26T15:34:24","modified_gmt":"2023-01-26T14:34:24","slug":"sur-ona-nowo","status":"publish","type":"page","link":"https:\/\/ona-nowo.de\/fr\/sur-ona-nowo\/","title":{"rendered":"Enthousiasme pour les relations et les couples, ainsi que pour leur structure et leurs possibilit\u00e9s"},"content":{"rendered":"<p>Quand la propre forme d\u2019expression d\u2019une relation se d\u00e9veloppe et sa \u00ab langue \u00bb, \u00ab texture \u00bb et \u00ab rythme \u00bb s\u2019\u00e9panouissent librement.<\/p>\n<h2>Ona: \u00ab ohne Namen \u00bb (sans nom) \u2013 Nowo: \u00ab no words \u00bb (sans mots)<\/h2>\n<p><span style=\"line-height: 1.5;\">Ce n\u2019est pas moi qui \u00ab d\u00e9cide \u00bb ce que vous ressentez et comment vous le ressentez, comment vous exprimez vos sentiments ou comment vous vivez votre relation. Vous nommez les \u00ab choses \u00bb par vos propres mots &#8211; m\u00eame si vous vous exprimez parfois sans passer par la parole. Peut-\u00eatre, vous pr\u00e9f\u00e9rez \u00ab ressentir les mots \u00bb, \u00ab entendre les couleurs \u00bb ou \u00ab gouter les sons \u00bb.<\/span><\/p>\n<p>Je me consid\u00e8re comme \u00ab ouvre porte \u00bb pour mettre \u00e0 jour votre \u00ab fa\u00e7on de voir les choses \u00bb d\u2019une mani\u00e8re diff\u00e9rente ou nouvelle. Avec le soutien de mon interaction, ma m\u00e9diation (interculturelle) et mon intuition, vos notions\/conceptions prennent une nouvelle dimension.<\/p>\n<p>C\u2019est alors que peuvent vous appara\u00eetre ainsi qu\u2019\u00e0 votre partenaire les \u00ab choses \u00bb qui \u00e9taient jusqu\u2019ici voil\u00e9es.<\/p>\n","protected":false},"excerpt":{"rendered":"<p>Quand la propre forme d\u2019expression d\u2019une relation se d\u00e9veloppe et sa \u00ab langue \u00bb, \u00ab texture \u00bb et \u00ab rythme \u00bb s\u2019\u00e9panouissent librement. Ona: \u00ab ohne Namen \u00bb (sans nom) \u2013 Nowo: \u00ab no words \u00bb (sans mots) Ce n\u2019est pas moi qui \u00ab d\u00e9cide \u00bb ce que vous ressentez <a class=\"system-more\" href=\"https:\/\/ona-nowo.de\/fr\/sur-ona-nowo\/\">[mehr]<\/a><\/p>\n","protected":false},"author":1,"featured_media":0,"parent":0,"menu_order":0,"comment_status":"closed","ping_status":"closed","template":"","meta":{"_acf_changed":false,"footnotes":""},"class_list":["post-12","page","type-page","status-publish","hentry"],"acf":[],"aioseo_notices":[],"_links":{"self":[{"href":"https:\/\/ona-nowo.de\/fr\/wp-json\/wp\/v2\/pages\/12","targetHints":{"allow":["GET"]}}],"collection":[{"href":"https:\/\/ona-nowo.de\/fr\/wp-json\/wp\/v2\/pages"}],"about":[{"href":"https:\/\/ona-nowo.de\/fr\/wp-json\/wp\/v2\/types\/page"}],"author":[{"embeddable":true,"href":"https:\/\/ona-nowo.de\/fr\/wp-json\/wp\/v2\/users\/1"}],"replies":[{"embeddable":true,"href":"https:\/\/ona-nowo.de\/fr\/wp-json\/wp\/v2\/comments?post=12"}],"version-history":[{"count":4,"href":"https:\/\/ona-nowo.de\/fr\/wp-json\/wp\/v2\/pages\/12\/revisions"}],"predecessor-version":[{"id":121,"href":"https:\/\/ona-nowo.de\/fr\/wp-json\/wp\/v2\/pages\/12\/revisions\/121"}],"wp:attachment":[{"href":"https:\/\/ona-nowo.de\/fr\/wp-json\/wp\/v2\/media?parent=12"}],"curies":[{"name":"wp","href":"https:\/\/api.w.org\/{rel}","templated":true}]}}