{"id":14,"date":"2016-09-12T09:34:16","date_gmt":"2016-09-12T07:34:16","guid":{"rendered":"http:\/\/ona-nowo.de\/fr\/?page_id=14"},"modified":"2016-09-12T10:26:02","modified_gmt":"2016-09-12T08:26:02","slug":"start-fr","status":"publish","type":"page","link":"https:\/\/ona-nowo.de\/fr\/","title":{"rendered":"On ne peut pas r\u00e9soudre un probl\u00e8me avec le m\u00eame type de pens\u00e9e que celle qui l\u2019a cr\u00e9\u00e9."},"content":{"rendered":"<p class=\"p1\">Un conflit implique une chance d\u2019une plus grande compr\u00e9hension autant pour soi-m\u00eame que pour\u00a0l\u2019autre.<\/p>\n<p class=\"p1\"><span style=\"line-height: 1.5;\">Pour saisir la chance, on peut prendre de nouveaux chemins et se tourner vers d\u2019autres \u00ab techniques \u00bb. Le soutien de l\u2019ext\u00e9rieur peut montrer des \u00ab portes \u00bb qui \u00e9taient jusqu\u2019alors invisibles et rendre visibles leurs m\u00e9canismes d\u2019ouverture.<\/span><\/p>\n<p class=\"p1\">Ainsi votre relation peut se d\u00e9velopper sous toutes ces facettes.<\/p>\n","protected":false},"excerpt":{"rendered":"<p>Un conflit implique une chance d\u2019une plus grande compr\u00e9hension autant pour soi-m\u00eame que pour\u00a0l\u2019autre. Pour saisir la chance, on peut prendre de nouveaux chemins et se tourner vers d\u2019autres \u00ab techniques \u00bb. Le soutien de l\u2019ext\u00e9rieur peut montrer des \u00ab portes \u00bb qui \u00e9taient jusqu\u2019alors invisibles et rendre visibles leurs <a class=\"system-more\" href=\"https:\/\/ona-nowo.de\/fr\/\">[mehr]<\/a><\/p>\n","protected":false},"author":1,"featured_media":0,"parent":0,"menu_order":0,"comment_status":"closed","ping_status":"closed","template":"","meta":{"_acf_changed":false,"footnotes":""},"class_list":["post-14","page","type-page","status-publish","hentry"],"acf":[],"aioseo_notices":[],"_links":{"self":[{"href":"https:\/\/ona-nowo.de\/fr\/wp-json\/wp\/v2\/pages\/14","targetHints":{"allow":["GET"]}}],"collection":[{"href":"https:\/\/ona-nowo.de\/fr\/wp-json\/wp\/v2\/pages"}],"about":[{"href":"https:\/\/ona-nowo.de\/fr\/wp-json\/wp\/v2\/types\/page"}],"author":[{"embeddable":true,"href":"https:\/\/ona-nowo.de\/fr\/wp-json\/wp\/v2\/users\/1"}],"replies":[{"embeddable":true,"href":"https:\/\/ona-nowo.de\/fr\/wp-json\/wp\/v2\/comments?post=14"}],"version-history":[{"count":4,"href":"https:\/\/ona-nowo.de\/fr\/wp-json\/wp\/v2\/pages\/14\/revisions"}],"predecessor-version":[{"id":103,"href":"https:\/\/ona-nowo.de\/fr\/wp-json\/wp\/v2\/pages\/14\/revisions\/103"}],"wp:attachment":[{"href":"https:\/\/ona-nowo.de\/fr\/wp-json\/wp\/v2\/media?parent=14"}],"curies":[{"name":"wp","href":"https:\/\/api.w.org\/{rel}","templated":true}]}}